{"id":42,"date":"2017-08-14T14:55:00","date_gmt":"2017-08-14T13:55:00","guid":{"rendered":"https:\/\/artofyoga.is\/?page_id=42"},"modified":"2017-08-31T09:20:22","modified_gmt":"2017-08-31T08:20:22","slug":"contact","status":"publish","type":"page","link":"https:\/\/artofyoga.is\/?page_id=42","title":{"rendered":"Contact"},"content":{"rendered":"\n<div class=\"wpcf7 no-js\" id=\"wpcf7-f41-o1\" lang=\"en-GB\" dir=\"ltr\">\n<div class=\"screen-reader-response\"><p role=\"status\" aria-live=\"polite\" aria-atomic=\"true\"><\/p> <ul><\/ul><\/div>\n<form action=\"\/index.php?rest_route=%2Fwp%2Fv2%2Fpages%2F42#wpcf7-f41-o1\" method=\"post\" class=\"wpcf7-form init\" aria-label=\"Contact form\" novalidate=\"novalidate\" data-status=\"init\">\n<div style=\"display: none;\">\n<input type=\"hidden\" name=\"_wpcf7\" value=\"41\" \/>\n<input type=\"hidden\" name=\"_wpcf7_version\" value=\"5.8.6\" \/>\n<input type=\"hidden\" name=\"_wpcf7_locale\" value=\"en_GB\" \/>\n<input type=\"hidden\" name=\"_wpcf7_unit_tag\" value=\"wpcf7-f41-o1\" \/>\n<input type=\"hidden\" name=\"_wpcf7_container_post\" value=\"0\" \/>\n<input type=\"hidden\" name=\"_wpcf7_posted_data_hash\" value=\"\" \/>\n<input type=\"hidden\" name=\"_wpcf7_recaptcha_response\" value=\"\" \/>\n<\/div>\n<div class=\"article  full-background white-background small-width-text orange centred\">\n\t<div class=\"background-image\" style=\"background-image: url(\/wp-content\/themes\/yogatma\/images\/icelandic-road.jpg)\">\n\t<\/div>\n\t<div class=\"mask\">\n\t<\/div>\n\t<div class=\"text\">\n\t\t<h2>Hafi\u00f0 samband e\u00f0a skr\u00e1i\u00f0 ykkur \u00e1 n\u00e1mskei\u00f0 \u00ed d\u00e1lkunum a\u00f0 ne\u00f0an\n\t\t<\/h2>\n\t\t<p class=\"bigger\">Hringi\u00f0 \u00ed okkur <a href=\"tel:3546918565\">691-8565<\/a>, e\u00f0a <a href=\"mailto:hello@artofyoga.is\">SENDI\u00d0 P\u00d3ST<\/a>, e\u00f0a fylli\u00f0 \u00ed ey\u00f0urnar a\u00f0 ne\u00f0an.\n\t\t<\/p>\n\t\t<p>Fyrir skr\u00e1ningu \u00ed vi\u00f0tal,n\u00e1mskei\u00f0 e\u00f0a h\u00f3pt\u00edma, fylli\u00f0 \u00ed eftirfarandi d\u00e1lka: nafn, netfang, gsm og heiti n\u00e1mskei\u00f0s, riti\u00f0 \u00ed athugasemd ef \u00fei\u00f0 hafi\u00f0 einhverja spurningu.\n\t\t<\/p>\n\t\t<p><span class=\"wpcf7-form-control-wrap\" data-name=\"your-name\"><input size=\"40\" class=\"wpcf7-form-control wpcf7-text wpcf7-validates-as-required\" aria-required=\"true\" aria-invalid=\"false\" placeholder=\"Nafn*\" value=\"\" type=\"text\" name=\"your-name\" \/><\/span><br \/>\n<span class=\"wpcf7-form-control-wrap\" data-name=\"your-email\"><input size=\"40\" class=\"wpcf7-form-control wpcf7-email wpcf7-validates-as-required wpcf7-text wpcf7-validates-as-email\" aria-required=\"true\" aria-invalid=\"false\" placeholder=\"Netfang*\" value=\"\" type=\"email\" name=\"your-email\" \/><\/span><br \/>\n<span class=\"wpcf7-form-control-wrap\" data-name=\"your-phone\"><input size=\"40\" class=\"wpcf7-form-control wpcf7-text\" aria-invalid=\"false\" placeholder=\"Gsm\" value=\"\" type=\"text\" name=\"your-phone\" \/><\/span><br \/>\n<span class=\"wpcf7-form-control-wrap\" data-name=\"your-heiti\"><input size=\"40\" class=\"wpcf7-form-control wpcf7-text\" aria-invalid=\"false\" placeholder=\"Heiti n\u00e1mskei\u00f0s\/vinnustofu\/masterclass\" value=\"\" type=\"text\" name=\"your-heiti\" \/><\/span><br \/>\n<span class=\"wpcf7-form-control-wrap\" data-name=\"your-message\"><textarea cols=\"40\" rows=\"3\" class=\"wpcf7-form-control wpcf7-textarea\" aria-invalid=\"false\" placeholder=\"Athugasemd\" name=\"your-message\"><\/textarea><\/span><br \/>\n<span id=\"wpcf7-69e45e01b497a-wrapper\" class=\"wpcf7-form-control-wrap url-wrap\" style=\"display:none !important; visibility:hidden !important;\"><label for=\"url\" class=\"hp-message\">Please leave this field empty.<\/label><input id=\"url\"  class=\"wpcf7-form-control wpcf7-text url\" type=\"text\" name=\"url\" value=\"\" size=\"40\" tabindex=\"-1\" autocomplete=\"new-password\" \/><\/span><br \/>\n<input class=\"wpcf7-form-control wpcf7-submit has-spinner\" type=\"submit\" value=\"SENDA\" \/>\n\t\t<\/p>\n\t<\/div>\n<\/div><p style=\"display: none !important;\" class=\"akismet-fields-container\" data-prefix=\"_wpcf7_ak_\"><label>&#916;<textarea name=\"_wpcf7_ak_hp_textarea\" cols=\"45\" rows=\"8\" maxlength=\"100\"><\/textarea><\/label><input type=\"hidden\" id=\"ak_js_1\" name=\"_wpcf7_ak_js\" value=\"189\"\/><script>document.getElementById( \"ak_js_1\" ).setAttribute( \"value\", ( new Date() ).getTime() );<\/script><\/p><div class=\"wpcf7-response-output\" aria-hidden=\"true\"><\/div>\n<\/form>\n<\/div>\n\n\n\n<article class=\"clearfix google-map item-margin-bottom\">\n<div id=\"contact-map\"> <\/div>\n\n<script>\n<!--\/\/--><![CDATA[\/\/ ><!--\n      function initMap() {\n        var mapOptions = {\n          scrollwheel: false,\n          center: {lat: 64.139938, lng: -21.8996109},\n          zoom: 16,\n          mapTypeId: google.maps.MapTypeId.ROADMAP\n        };\n        var map = new google.maps.Map(document.getElementById(\"contact-map\"),mapOptions); \n        marker = new google.maps.Marker({\n\t\t\tposition: new google.maps.LatLng(64.139938, -21.8996109),\n\t\t\tmap: map\n\t\t  });\n        var styles = [\n\t\t\t  {\n\t\t\t\tfeatureType: \"water\",\n\t\t\t\tstylers: [\n\t\t\t\t  { color: \"#6aa8a3\"  }\n\t\t\t\t]\n\t\t\t  },\n              {\n\t\t\t\tfeatureType: \"landscape\",\n\t\t\t\tstylers: [\n\t\t\t\t  { color: \"#d5eae8\" }\n\t\t\t\t]\n\t\t\t  },\n              {\n                featureType: \"poi\",\n                elementType: \"labels\",\n                stylers: [\n                  { visibility: \"off\" }\n                ]\n              },\n              {\n                featureType: \"landscape\",\n                elementType: \"labels\",\n                stylers: [\n                  { visibility: \"off\" }\n                ]\n              }, \n              {\n\t\t\t\tfeatureType: \"road\",\n\t\t\t\telementType: \"geometry\",\n\t\t\t\tstylers: [\n\t\t\t\t  { color: \"#FFFFFF\" }\n\t\t\t\t]\n\t\t\t  }, \n              {\n                featureType: \"road\",\n                elementType: \"labels.text.stroke\",\n                stylers: [\n                  { color: \"#FFFFFF\" }\n                ]\n              }\n\t\t\t];\n\t\t\tmap.setOptions({styles: styles});\n      }\n    \n\/\/--><!]]>\n<\/script>\n\n<script src=\"https:\/\/maps.googleapis.com\/maps\/api\/js?key=AIzaSyD2ph-Jm3xnHC5LjvyJezOLQasYxZb3Lo0&amp;callback=initMap\" async=\"\" defer=\"defer\"><\/script>\n\n\n<\/article>\n","protected":false},"excerpt":{"rendered":"Hafi\u00f0 samband e\u00f0a skr\u00e1i\u00f0 ykkur \u00e1 n\u00e1mskei\u00f0 \u00ed d\u00e1lkunum a\u00f0 ne\u00f0an Hringi\u00f0 \u00ed okkur 691-8565, e\u00f0a SENDI\u00d0 P\u00d3ST, e\u00f0a fylli\u00f0 \u00ed ey\u00f0urnar a\u00f0 ne\u00f0an. Fyrir skr\u00e1ningu \u00ed vi\u00f0tal,n\u00e1mskei\u00f0 e\u00f0a h\u00f3pt\u00edma, [...]","protected":false},"author":1,"featured_media":0,"parent":0,"menu_order":0,"comment_status":"closed","ping_status":"closed","template":"","meta":{"jetpack_post_was_ever_published":false,"footnotes":""},"class_list":["post-42","page","type-page","status-publish","hentry"],"jetpack_sharing_enabled":true,"jetpack_shortlink":"https:\/\/wp.me\/P9SpKE-G","jetpack-related-posts":[],"_links":{"self":[{"href":"https:\/\/artofyoga.is\/index.php?rest_route=\/wp\/v2\/pages\/42","targetHints":{"allow":["GET"]}}],"collection":[{"href":"https:\/\/artofyoga.is\/index.php?rest_route=\/wp\/v2\/pages"}],"about":[{"href":"https:\/\/artofyoga.is\/index.php?rest_route=\/wp\/v2\/types\/page"}],"author":[{"embeddable":true,"href":"https:\/\/artofyoga.is\/index.php?rest_route=\/wp\/v2\/users\/1"}],"replies":[{"embeddable":true,"href":"https:\/\/artofyoga.is\/index.php?rest_route=%2Fwp%2Fv2%2Fcomments&post=42"}],"version-history":[{"count":3,"href":"https:\/\/artofyoga.is\/index.php?rest_route=\/wp\/v2\/pages\/42\/revisions"}],"predecessor-version":[{"id":90,"href":"https:\/\/artofyoga.is\/index.php?rest_route=\/wp\/v2\/pages\/42\/revisions\/90"}],"wp:attachment":[{"href":"https:\/\/artofyoga.is\/index.php?rest_route=%2Fwp%2Fv2%2Fmedia&parent=42"}],"curies":[{"name":"wp","href":"https:\/\/api.w.org\/{rel}","templated":true}]}}