{"id":3120,"date":"2024-01-18T15:52:47","date_gmt":"2024-01-18T15:52:47","guid":{"rendered":"https:\/\/artofyoga.is\/?page_id=3120"},"modified":"2026-03-28T04:41:16","modified_gmt":"2026-03-28T04:41:16","slug":"1-a-1-einkathjalfun-adalsida","status":"publish","type":"page","link":"https:\/\/artofyoga.is\/?page_id=3120","title":{"rendered":"1 \u00e1 1 einka\u00fej\u00e1lfun a\u00f0als\u00ed\u00f0a"},"content":{"rendered":"<section class=\"wpb-content-wrapper\">[vc_row css=&#8221;.vc_custom_1774610196955{background-position: center !important;background-repeat: no-repeat !important;background-size: cover !important;}&#8221;][vc_column][vc_empty_space height=&#8221;50&#8243;][vc_custom_heading text=&#8221;1 \u00e1 1 Lei\u00f0in a\u00f0 \u00fe\u00ednu Markmi\u00f0i&#8221; font_container=&#8221;tag:h1|font_size:40|text_align:center|color:%23504850&#8243; google_fonts=&#8221;font_family:Montserrat%3Aregular%2C700|font_style:400%20regular%3A400%3Anormal&#8221;][vc_custom_heading text=&#8221;Far\u00f0u beina lei\u00f0 a\u00f0 \u00fe\u00ednu markmi\u00f0i me\u00f0 pers\u00f3nulegri lei\u00f0s\u00f6gn&#8221; font_container=&#8221;tag:h2|font_size:30|text_align:center|color:%23504850&#8243; google_fonts=&#8221;font_family:Montserrat%3Aregular%2C700|font_style:400%20regular%3A400%3Anormal&#8221;][vc_empty_space height=&#8221;25&#8243;][vc_empty_space height=&#8221;25&#8243;][vc_btn title=&#8221;B\u00d3KA\u00d0U 30 M\u00cdN\u00daTNA FR\u00cdA ZOOM R\u00c1\u00d0GJ\u00d6F&#8221; style=&#8221;custom&#8221; custom_background=&#8221;#e7923b&#8221; custom_text=&#8221;#ffffff&#8221; shape=&#8221;round&#8221; size=&#8221;lg&#8221; align=&#8221;center&#8221; link=&#8221;url:https%3A%2F%2Fartofyoga.is%2F1-a-1-hafdu-samband%2F|title:30%20m%C3%ADn%C3%BAtna%20fr%C3%AD%20r%C3%A1%C3%B0gj%C3%B6f&#8221;][vc_column_text]\n<p style=\"text-align: center;\" data-pm-slice=\"1 1 []\">Lei\u00f0in er ekki s\u00fa sama fyrir alla.<br \/>\nH\u00fan fer eftir \u00fe\u00ednu \u00e1standi og hvert \u00fe\u00fa vilt fara.[\/vc_column_text][\/vc_column][\/vc_row][vc_row el_class=&#8221;aoy-pricing-card&#8221; css=&#8221;.vc_custom_1765544598058{margin-right: 10px !important;margin-left: 10px !important;padding-top: 45px !important;padding-bottom: 45px !important;}&#8221;][vc_column][vc_custom_heading text=&#8221;\u00derj\u00e1r lei\u00f0ir innan s\u00f6mu A\u00f0fer\u00f0ar&#8221; font_container=&#8221;tag:h2|font_size:35|text_align:center|color:%23504850&#8243; google_fonts=&#8221;font_family:Montserrat%3Aregular%2C700|font_style:700%20bold%20regular%3A700%3Anormal&#8221;][vc_row_inner equal_height=&#8221;yes&#8221; content_placement=&#8221;top&#8221; gap=&#8221;20&#8243; el_class=&#8221;nopadding&#8221;][vc_column_inner width=&#8221;1\/3&#8243; css=&#8221;.vc_custom_1774611525531{border-top-width: 1px !important;border-right-width: 1px !important;border-bottom-width: 1px !important;border-left-width: 1px !important;background-color: #f6f3ee !important;border-left-color: #dddddd !important;border-left-style: solid !important;border-right-color: #dddddd !important;border-right-style: solid !important;border-top-color: #dddddd !important;border-top-style: solid !important;border-bottom-color: #dddddd !important;border-bottom-style: solid !important;border-radius: 10px !important;}&#8221;][vc_single_image image=&#8221;3284&#8243; img_size=&#8221;500&#215;300&#8243; alignment=&#8221;center&#8221; style=&#8221;vc_box_rounded&#8221;][vc_column_text css=&#8221;.vc_custom_1774611768000{padding-right: 20px !important;padding-left: 20px !important;}&#8221;]\n<h3 style=\"text-align: center;\" data-pm-slice=\"1 1 []\"><strong>J\u00f3ga Lei\u00f0in<\/strong><\/h3>\n<p style=\"text-align: center;\" data-pm-slice=\"1 3 []\">Fyrir \u00fe\u00e1 sem vilja byggja upp <strong>st\u00f6\u00f0uga pers\u00f3nulega i\u00f0kun<\/strong> og gera j\u00f3ga a\u00f0 s\u00ednum l\u00edfsst\u00edl.<\/p>\n[\/vc_column_text][\/vc_column_inner][vc_column_inner width=&#8221;1\/3&#8243; css=&#8221;.vc_custom_1774611549331{border-top-width: 1px !important;border-right-width: 1px !important;border-bottom-width: 1px !important;border-left-width: 1px !important;background-color: #f6f3ee !important;border-left-color: #dddddd !important;border-left-style: solid !important;border-right-color: #dddddd !important;border-right-style: solid !important;border-top-color: #dddddd !important;border-top-style: solid !important;border-bottom-color: #dddddd !important;border-bottom-style: solid !important;border-radius: 10px !important;}&#8221;][vc_single_image image=&#8221;3285&#8243; img_size=&#8221;500&#215;300&#8243; alignment=&#8221;center&#8221; style=&#8221;vc_box_rounded&#8221; css=&#8221;.vc_custom_1765532780126{border-bottom-width: 1px !important;}&#8221;][vc_column_text css=&#8221;.vc_custom_1774611792297{padding-right: 20px !important;padding-left: 20px !important;}&#8221;]\n<h3 style=\"text-align: center;\"><strong>Bata Lei\u00f0in<\/strong><\/h3>\n<p style=\"text-align: center;\">Fyrir \u00fe\u00e1 sem gl\u00edma vi\u00f0 <em><strong>verki, streitu, svefnvanda e\u00f0a langvinn einkenni<\/strong><\/em> og vilja f\u00e1 lei\u00f0s\u00f6gn og lausnir a\u00f0 s\u00ednum bata.<\/p>\n[\/vc_column_text][\/vc_column_inner][vc_column_inner width=&#8221;1\/3&#8243; css=&#8221;.vc_custom_1774611571995{border-top-width: 1px !important;border-right-width: 1px !important;border-bottom-width: 1px !important;border-left-width: 1px !important;background-color: #f6f3ee !important;border-left-color: #dddddd !important;border-left-style: solid !important;border-right-color: #dddddd !important;border-right-style: solid !important;border-top-color: #dddddd !important;border-top-style: solid !important;border-bottom-color: #dddddd !important;border-bottom-style: solid !important;border-radius: 10px !important;}&#8221;][vc_single_image image=&#8221;6960&#8243; img_size=&#8221;500&#215;300&#8243; alignment=&#8221;center&#8221; style=&#8221;vc_box_rounded&#8221;][vc_column_text css=&#8221;.vc_custom_1774611944365{padding-right: 20px !important;padding-left: 20px !important;}&#8221;]\n<h3 style=\"text-align: center;\" data-pm-slice=\"1 3 []\"><strong>\u00d6ndunar Lei\u00f0in<\/strong><\/h3>\n<p style=\"text-align: center;\">Fyrir \u00fe\u00e1 sem vilja <strong>styrkja og b\u00e6ta \u00f6ndun<\/strong>, b\u00e6ta s\u00edna <strong>orkustj\u00f3rnun<\/strong> og byggja upp <strong>innra jafnv\u00e6gi<\/strong>.<\/p>\n[\/vc_column_text][\/vc_column_inner][\/vc_row_inner][vc_empty_space height=&#8221;30&#8243;][vc_row_inner equal_height=&#8221;yes&#8221; content_placement=&#8221;top&#8221; gap=&#8221;20&#8243; el_class=&#8221;nopadding&#8221;][vc_column_inner][vc_column_text]\n<p style=\"text-align: center;\" data-pm-slice=\"1 1 []\">Sni\u00f0i\u00f0 a\u00f0 \u00fe\u00ednu \u00e1standi og \u00fe\u00ednum \u00fe\u00f6rfum.<br \/>\nBein og markviss lei\u00f0 \u2014 sem \u00fe\u00fa vinnur me\u00f0 \u00e1 \u00fe\u00ednum hra\u00f0a undir traustum h\u00f6ndum kennara.<\/p>\n<h4 style=\"text-align: center;\" data-pm-slice=\"1 1 []\">Vi\u00f0 hj\u00e1lpum \u00fe\u00e9r a\u00f0 velja lei\u00f0ina \u00fat fr\u00e1 \u00fe\u00ednu \u00e1standi og markmi\u00f0um.<\/h4>\n[\/vc_column_text][vc_empty_space height=&#8221;15&#8243;][vc_btn title=&#8221;B\u00d3KA\u00d0U 30 M\u00cdN\u00daTNA FR\u00cdA ZOOM R\u00c1\u00d0GJ\u00d6F&#8221; style=&#8221;custom&#8221; custom_background=&#8221;#e7923b&#8221; custom_text=&#8221;#ffffff&#8221; shape=&#8221;round&#8221; size=&#8221;lg&#8221; align=&#8221;center&#8221; link=&#8221;url:https%3A%2F%2Fartofyoga.is%2F1-a-1-hafdu-samband%2F|title:30%20m%C3%ADn%C3%BAtna%20fr%C3%AD%20r%C3%A1%C3%B0gj%C3%B6f&#8221;][\/vc_column_inner][\/vc_row_inner][\/vc_column][\/vc_row][vc_row equal_height=&#8221;yes&#8221; content_placement=&#8221;middle&#8221; css=&#8221;.vc_custom_1774614430891{margin-bottom: 45px !important;}&#8221;][vc_column width=&#8221;1\/4&#8243; css=&#8221;.vc_custom_1705507940837{padding-right: 25px !important;padding-left: 25px !important;}&#8221;][vc_empty_space height=&#8221;60&#8243;][\/vc_column][vc_column width=&#8221;2\/4&#8243;][vc_custom_heading text=&#8221;Hvernig \u00feetta Virkar?&#8221; font_container=&#8221;tag:h2|font_size:30|text_align:center|color:%23504850&#8243; google_fonts=&#8221;font_family:Montserrat%3Aregular%2C700|font_style:400%20regular%3A400%3Anormal&#8221; css=&#8221;.vc_custom_1774671614346{padding-right: 50px !important;padding-left: 50px !important;}&#8221;][vc_column_text css=&#8221;.vc_custom_1774612400293{padding-right: 60px !important;padding-left: 60px !important;}&#8221;]\n<p style=\"text-align: center;\" data-pm-slice=\"1 1 []\">1 \u00c1 1 lei\u00f0in er ferli sem byggir \u00e1 \u00fer\u00f3un skref fyrir skref.<\/p>\n[\/vc_column_text]<div class=\"lvca-accordion lvca-style1\" data-toggle=\"false\" data-expanded=\"false\"><div class=\"lvca-panel\" id=\"\"><div class=\"lvca-panel-title\">1. Mat og upphaf<\/div><div class=\"lvca-panel-content\">\n<p data-pm-slice=\"1 1 &#091;&#093;\">Vi\u00f0 sko\u00f0um n\u00e1kv\u00e6mlega hvar \u00fe\u00fa ert st\u00f6dd\/staddur: \u2013 l\u00edkamsst\u00f6\u00f0u, hreyfimynstur og hvernig \u00fe\u00fa hreyfir l\u00edkamann<br \/>\n\u2013 \u00f6ndunarmynstur, hra\u00f0a og d\u00fdpt \u00f6ndunar<br \/>\n\u2013 styrk, hreyfanleika og \u00e1lagspunkta<br \/>\n\u2013 \u00fe\u00edn markmi\u00f0 og hva\u00f0a vegfer\u00f0 \u00fe\u00fa ert \u00e1<\/p>\n<p>\u00deetta skapar sk\u00fdran upphafspunkt og stefnu.<\/p>\n<h3><\/h3>\n<\/div><\/div><!-- .lvca-panel --><div class=\"lvca-panel\" id=\"\"><div class=\"lvca-panel-title\">2. Pers\u00f3nulegt plan<\/div><div class=\"lvca-panel-content\">\n<p data-pm-slice=\"1 1 &#091;&#093;\">\u00dat fr\u00e1 matinu f\u00e6r\u00f0u: \u2013 \u00e6fingar sem eru sni\u00f0nar a\u00f0 \u00fe\u00ednu \u00e1standi<br \/>\n\u2013 sk\u00fdra uppbyggingu \u00e1 \u00fev\u00ed hvernig \u00fe\u00fa vinnur me\u00f0 l\u00edkama, \u00f6ndun og huga<br \/>\n\u2013 lei\u00f0beiningar um hra\u00f0a, \u00e1lag og \u00fer\u00f3un<br \/>\n\u2013 reglulegar uppf\u00e6rslur eftir \u00fev\u00ed sem \u00fe\u00fa \u00fer\u00f3ast<\/p>\n<p>\u00deetta er ekki fast pr\u00f3gram \u2014 heldur plan sem \u00fer\u00f3ast me\u00f0 \u00fe\u00e9r.<\/p>\n<h3><\/h3>\n<\/div><\/div><!-- .lvca-panel --><div class=\"lvca-panel\" id=\"\"><div class=\"lvca-panel-title\">3. I\u00f0kun \u00e1 milli t\u00edma<\/div><div class=\"lvca-panel-content\">\n<p data-pm-slice=\"1 1 &#091;&#093;\">\u00de\u00fa vinnur sj\u00e1lfst\u00e6tt me\u00f0: \u2013 stuttar, markvissar \u00e6fingar heima<br \/>\n\u2013 daglega e\u00f0a reglulega \u00e1stundun<br \/>\n\u2013 uppbyggingu \u00e1 f\u00e6rni \u00ed eigin l\u00edkama og \u00f6ndun<\/p>\n<p>H\u00e9r gerist raunveruleg \u00fer\u00f3un \u2014 ekki a\u00f0eins \u00ed t\u00edmum heldur \u00ed daglegu l\u00edfi.<\/p>\n<h3><\/h3>\n<\/div><\/div><!-- .lvca-panel --><div class=\"lvca-panel\" id=\"\"><div class=\"lvca-panel-title\">4. Eftirfylgni<\/div><div class=\"lvca-panel-content\">\n<p data-pm-slice=\"1 1 &#091;&#093;\">\u00c1 milli t\u00edma f\u00e6r\u00f0u: \u2013 st\u00f6\u00f0ug samskipti og sv\u00f6r vi\u00f0 spurningum \u2013 lei\u00f0r\u00e9ttingar og a\u00f0l\u00f6gun \u00e1 \u00e6fingum eftir \u00fe\u00f6rfum \u2013 m\u00f6guleika \u00e1 a\u00f0 uppf\u00e6ra i\u00f0kun jafnvel daglega ef \u00fe\u00f6rf er \u00e1 \u2013 stu\u00f0ning til a\u00f0 halda stefnu og framvindu<\/p>\n<p>\u00deannig heldur ferli\u00f0 \u00e1fram \u2014 ekki bara \u00ed t\u00edmum heldur \u00e1 milli \u00feeirra.<\/p>\n<h3><\/h3>\n<\/div><\/div><!-- .lvca-panel --><\/div><!-- .lvca-accordion -->[\/vc_column][vc_column width=&#8221;1\/4&#8243;][\/vc_column][\/vc_row][vc_row equal_height=&#8221;yes&#8221; content_placement=&#8221;middle&#8221; css=&#8221;.vc_custom_1774614271991{background-color: #f6f3ee !important;}&#8221;][vc_column width=&#8221;1\/6&#8243; css=&#8221;.vc_custom_1705507940837{padding-right: 25px !important;padding-left: 25px !important;}&#8221;][vc_empty_space height=&#8221;60&#8243;][\/vc_column][vc_column width=&#8221;2\/3&#8243;][vc_empty_space height=&#8221;30&#8243;][vc_custom_heading text=&#8221;Fyrir hverja er 1 \u00c1 1 Lei\u00f0in?&#8221; font_container=&#8221;tag:h2|font_size:30|text_align:center|color:%23504850&#8243; google_fonts=&#8221;font_family:Montserrat%3Aregular%2C700|font_style:400%20regular%3A400%3Anormal&#8221; css=&#8221;.vc_custom_1774614167201{padding-right: 50px !important;padding-left: 50px !important;}&#8221;][vc_column_text css=&#8221;.vc_custom_1774614232808{padding-right: 60px !important;padding-left: 60px !important;}&#8221;]Fyrir \u00fe\u00e1 sem vilja fara beinna a\u00f0 s\u00ednu markmi\u00f0i \u2014 \u00fat fr\u00e1 eigin \u00e1standi og a\u00f0st\u00e6\u00f0um.<\/p>\n<p>Fyrir \u00fe\u00e1 sem vilja byggja upp l\u00edkama, orku og st\u00f6\u00f0ugleika me\u00f0 markvissri i\u00f0kun<\/p>\n<p>Fyrir \u00fe\u00e1 sem vilja komast \u00fat \u00far \u00f3jafnv\u00e6gi og finna aftur jafnv\u00e6gi \u00ed l\u00edkama og huga<\/p>\n<p>Fyrir \u00fe\u00e1 sem vilja \u00fer\u00f3a eigin i\u00f0kun og vinna sj\u00e1lfst\u00e6tt me\u00f0 hana<\/p>\n<p>Fyrir \u00fe\u00e1 sem vilja f\u00e1 sk\u00fdra lei\u00f0 \u00ed sta\u00f0 \u00feess a\u00f0 pr\u00f3fa sig \u00e1fram[\/vc_column_text][vc_empty_space height=&#8221;30&#8243;][\/vc_column][vc_column width=&#8221;1\/6&#8243;][\/vc_column][\/vc_row][vc_row equal_height=&#8221;yes&#8221; content_placement=&#8221;middle&#8221; disable_element=&#8221;yes&#8221;][vc_column width=&#8221;1\/2&#8243; css=&#8221;.vc_custom_1705507940837{padding-right: 25px !important;padding-left: 25px !important;}&#8221;][vc_custom_heading text=&#8221;Byrja h\u00e9r&#8221; font_container=&#8221;tag:h2|font_size:30|text_align:center|color:%23504850&#8243; google_fonts=&#8221;font_family:Montserrat%3Aregular%2C700|font_style:400%20regular%3A400%3Anormal&#8221; css=&#8221;.vc_custom_1774671508777{padding-right: 50px !important;padding-left: 50px !important;}&#8221;][vc_column_text css=&#8221;.vc_custom_1774671500802{padding-right: 60px !important;padding-left: 60px !important;}&#8221;]4 skipti me\u00f0 eftirfylgni og lei\u00f0s\u00f6gn \u00e1 milli t\u00edma<br \/>\n<strong>54.000 kr.<\/strong><\/p>\n<p>Inniheldur: \u2013 pers\u00f3nulega lei\u00f0s\u00f6gn<br \/>\n\u2013 \u00e6fingar og plan sni\u00f0i\u00f0 a\u00f0 \u00fe\u00e9r<br \/>\n\u2013 eftirfylgni \u00e1 milli t\u00edma<\/p>\n<p>\u00deetta er ekki stakur t\u00edmi \u2014 heldur ferli sem \u00fe\u00fa vinnur me\u00f0.<\/p>\n<p><strong>Byrja h\u00e9r<\/strong><\/p>\n<p>Vi\u00f0 sv\u00f6rum \u00fe\u00e9r innan 24 klst.<\/p>\n<p>&nbsp;[\/vc_column_text][vc_empty_space height=&#8221;60&#8243;][\/vc_column][vc_column width=&#8221;1\/2&#8243;][vc_single_image image=&#8221;1407&#8243; img_size=&#8221;500&#215;250&#8243; alignment=&#8221;center&#8221;][vc_btn title=&#8221;B\u00d3KA\u00d0U 30 M\u00cdN\u00daTNA FR\u00cdA ZOOM R\u00c1\u00d0GJ\u00d6F&#8221; style=&#8221;custom&#8221; custom_background=&#8221;#e7923b&#8221; custom_text=&#8221;#ffffff&#8221; shape=&#8221;round&#8221; size=&#8221;lg&#8221; align=&#8221;center&#8221; link=&#8221;url:https%3A%2F%2Fartofyoga.is%2F1-a-1-hafdu-samband%2F|title:30%20m%C3%ADn%C3%BAtna%20fr%C3%AD%20r%C3%A1%C3%B0gj%C3%B6f&#8221;][\/vc_column][\/vc_row]\n<\/section>","protected":false},"excerpt":{"rendered":"<p>[vc_row css=&#8221;.vc_custom_1774610196955{background-position: center !important;background-repeat: no-repeat !important;background-size: cover !important;}&#8221;][vc_column][vc_empty_space height=&#8221;50&#8243;][vc_custom_heading text=&#8221;1 \u00e1 1 Lei\u00f0in a\u00f0 \u00fe\u00ednu Markmi\u00f0i&#8221; font_container=&#8221;tag:h1|font_size:40|text_align:center|color:%23504850&#8243; google_fonts=&#8221;font_family:Montserrat%3Aregular%2C700|font_style:400%20regular%3A400%3Anormal&#8221;][vc_custom_heading text=&#8221;Far\u00f0u beina lei\u00f0 a\u00f0 \u00fe\u00ednu markmi\u00f0i me\u00f0 pers\u00f3nulegri lei\u00f0s\u00f6gn&#8221; font_container=&#8221;tag:h2|font_size:30|text_align:center|color:%23504850&#8243; google_fonts=&#8221;font_family:Montserrat%3Aregular%2C700|font_style:400%20regular%3A400%3Anormal&#8221;][vc_empty_space height=&#8221;25&#8243;][vc_empty_space [&hellip;]<\/p>\n","protected":false},"author":3,"featured_media":3318,"parent":0,"menu_order":0,"comment_status":"closed","ping_status":"closed","template":"","meta":{"jetpack_post_was_ever_published":false,"footnotes":""},"class_list":["post-3120","page","type-page","status-publish","has-post-thumbnail","hentry"],"jetpack_sharing_enabled":true,"jetpack_shortlink":"https:\/\/wp.me\/P9SpKE-Ok","jetpack-related-posts":[],"_links":{"self":[{"href":"https:\/\/artofyoga.is\/index.php?rest_route=\/wp\/v2\/pages\/3120","targetHints":{"allow":["GET"]}}],"collection":[{"href":"https:\/\/artofyoga.is\/index.php?rest_route=\/wp\/v2\/pages"}],"about":[{"href":"https:\/\/artofyoga.is\/index.php?rest_route=\/wp\/v2\/types\/page"}],"author":[{"embeddable":true,"href":"https:\/\/artofyoga.is\/index.php?rest_route=\/wp\/v2\/users\/3"}],"replies":[{"embeddable":true,"href":"https:\/\/artofyoga.is\/index.php?rest_route=%2Fwp%2Fv2%2Fcomments&post=3120"}],"version-history":[{"count":100,"href":"https:\/\/artofyoga.is\/index.php?rest_route=\/wp\/v2\/pages\/3120\/revisions"}],"predecessor-version":[{"id":8444,"href":"https:\/\/artofyoga.is\/index.php?rest_route=\/wp\/v2\/pages\/3120\/revisions\/8444"}],"wp:featuredmedia":[{"embeddable":true,"href":"https:\/\/artofyoga.is\/index.php?rest_route=\/wp\/v2\/media\/3318"}],"wp:attachment":[{"href":"https:\/\/artofyoga.is\/index.php?rest_route=%2Fwp%2Fv2%2Fmedia&parent=3120"}],"curies":[{"name":"wp","href":"https:\/\/api.w.org\/{rel}","templated":true}]}}