{"id":254,"date":"2017-10-22T16:29:17","date_gmt":"2017-10-22T15:29:17","guid":{"rendered":"https:\/\/artofyoga.is\/?page_id=254"},"modified":"2020-08-28T18:29:45","modified_gmt":"2020-08-28T17:29:45","slug":"vid","status":"publish","type":"page","link":"https:\/\/artofyoga.is\/?page_id=254","title":{"rendered":"Vi\u00f0"},"content":{"rendered":"<div class=\"article \narticle-245 \nmatch-height \ncenter-text-vertically \n \ndark-background \ntext-columns-1 \nsmall-width-text \nwhite \nfull-background \n\"\nid=\"article-245\"\t \t \n\t >\n\n\n    <div class=\"background-image\">\n\t\t\t\t\t\t<img decoding=\"async\" src=\"https:\/\/i0.wp.com\/artofyoga.is\/wp-content\/uploads\/2018\/09\/WEB.jpg?fit=1600%2C1067&ssl=1\" alt=\"einkat\u00edmar \u00ed j\u00f3ga\" \/>\n\t\t    <\/div>\n    <div class=\"mask\">\n    <\/div>\n\n\t\n\t\n    <div class=\"text\">\n        <h1 style=\"text-align: center;\">talya og gummi<\/h1>\n<h4 style=\"text-align: center;\">Talya og Gummi eru j\u00f3gakennarar \u00ed vinij\u00f3ga hef\u00f0inni, en fyrst og fremst j\u00f3gai\u00f0kendur sem hafa unun af \u00fev\u00ed a\u00f0 f\u00e6ra j\u00f3ga til f\u00f3lks.<\/h4>\n<p style=\"text-align: center;\"><a class=\"cta-button\" href=\"https:\/\/artofyoga.is\/article\/gummi-main\/\">GUMMI<\/a><a class=\"cta-button\" href=\"https:\/\/artofyoga.is\/talyas_bio\/\">TALYA<\/a><\/p>\n    <\/div>\n\t\t<\/div>\n\n\n        \n<div class=\"article \narticle-262 \nmatch-height \ncenter-text-vertically \n \ngranite-background \ntext-columns-1 \nfull-width-text \nwhite \nfull-background \n\"\nid=\"article-262\"\t \t \n\t >\n\n\n    <div class=\"background-image\">\n\t\t\t\t\t\t<img decoding=\"async\" src=\"https:\/\/i0.wp.com\/artofyoga.is\/wp-content\/uploads\/2017\/10\/teachers_krishnamacharya_desikachar-e1511865384126.jpg?fit=1600%2C908&ssl=1\" alt=\"\" \/>\n\t\t    <\/div>\n    <div class=\"mask\">\n    <\/div>\n\n\t\n\t\n    <div class=\"text\">\n        <h1 style=\"text-align: center;\">hef\u00f0in<\/h1>\n<p>&nbsp;<\/p>\n<h4>Mi\u00f0st\u00f6\u00f0in tileinkar s\u00e9r kennslu T. Krishnamacharya og TKV Desikachar eins og kennslan var mi\u00f0lu\u00f0 til okkar kennara Paul Harvey. Markmi\u00f0 okkar er a\u00f0 deila kennslu Krishnamacharya \u00e1 \u00cdslandi me\u00f0 tilliti til s\u00e9rst\u00f6\u00f0u hvers nemanda.<\/h4>\n<p>&nbsp;<\/p>\n<p style=\"text-align: center;\"><a class=\"cta-button\" href=\"https:\/\/artofyoga.is\/hefdin\/\">N\u00c1NARI UPPL\u00ddSINGAR<\/a><\/p>\n    <\/div>\n\t\t<\/div>\n\n\n        \n<div class=\"article \narticle-246 \nmatch-height \ncenter-text-vertically \n \nwhite-background \ntext-columns-1 \nsmall-width-text \ngreen \nconvex text-right \n\"\nid=\"article-246\"\t \t \n\t >\n\n\n    <div class=\"background-image\">\n\t\t\t\t\t\t<img decoding=\"async\" src=\"https:\/\/i0.wp.com\/artofyoga.is\/wp-content\/uploads\/2017\/10\/M%C3%B3ttakan-1600x900.png?fit=1600%2C900&ssl=1\" alt=\"\" \/>\n\t\t    <\/div>\n    <div class=\"mask\">\n    <\/div>\n\n\t\n\t\n    <div class=\"text\">\n        <h1 style=\"text-align: center;\">mi\u00f0st\u00f6\u00f0in<\/h1>\n<h4>Mi\u00f0st\u00f6\u00f0in er h\u00f6nnu\u00f0 \u00ed kringum einstaklingsmi\u00f0a\u00f0a i\u00f0kun, h\u00f3pt\u00edma og i\u00f0kenda\/j\u00f3gakennaran\u00e1m. Einnig eru 3 herbergi fyrir annarskonar me\u00f0fer\u00f0ir sem sty\u00f0ja vi\u00f0 heilsu \u00fe\u00edna og vell\u00ed\u00f0an<\/h4>\n    <\/div>\n\t\t<\/div>\n\n\n        \n","protected":false},"excerpt":{"rendered":"mi\u00f0st\u00f6\u00f0in Mi\u00f0st\u00f6\u00f0in er h\u00f6nnu\u00f0 \u00ed kringum einstaklingsmi\u00f0a\u00f0a i\u00f0kun, h\u00f3pt\u00edma og i\u00f0kenda\/j\u00f3gakennaran\u00e1m. Einnig eru 3 herbergi fyrir annarskonar me\u00f0fer\u00f0ir sem sty\u00f0ja vi\u00f0 heilsu \u00fe\u00edna og vell\u00ed\u00f0an","protected":false},"author":3,"featured_media":0,"parent":0,"menu_order":0,"comment_status":"closed","ping_status":"closed","template":"","meta":{"jetpack_post_was_ever_published":false,"footnotes":""},"class_list":["post-254","page","type-page","status-publish","hentry"],"jetpack_sharing_enabled":true,"jetpack_shortlink":"https:\/\/wp.me\/P9SpKE-46","jetpack-related-posts":[],"_links":{"self":[{"href":"https:\/\/artofyoga.is\/index.php?rest_route=\/wp\/v2\/pages\/254","targetHints":{"allow":["GET"]}}],"collection":[{"href":"https:\/\/artofyoga.is\/index.php?rest_route=\/wp\/v2\/pages"}],"about":[{"href":"https:\/\/artofyoga.is\/index.php?rest_route=\/wp\/v2\/types\/page"}],"author":[{"embeddable":true,"href":"https:\/\/artofyoga.is\/index.php?rest_route=\/wp\/v2\/users\/3"}],"replies":[{"embeddable":true,"href":"https:\/\/artofyoga.is\/index.php?rest_route=%2Fwp%2Fv2%2Fcomments&post=254"}],"version-history":[{"count":7,"href":"https:\/\/artofyoga.is\/index.php?rest_route=\/wp\/v2\/pages\/254\/revisions"}],"predecessor-version":[{"id":1822,"href":"https:\/\/artofyoga.is\/index.php?rest_route=\/wp\/v2\/pages\/254\/revisions\/1822"}],"wp:attachment":[{"href":"https:\/\/artofyoga.is\/index.php?rest_route=%2Fwp%2Fv2%2Fmedia&parent=254"}],"curies":[{"name":"wp","href":"https:\/\/api.w.org\/{rel}","templated":true}]}}