{"id":1233,"date":"2018-10-09T18:34:14","date_gmt":"2018-10-09T17:34:14","guid":{"rendered":"https:\/\/artofyoga.is\/?page_id=1233"},"modified":"2018-10-09T18:34:14","modified_gmt":"2018-10-09T17:34:14","slug":"midstodin-2","status":"publish","type":"page","link":"https:\/\/artofyoga.is\/?page_id=1233","title":{"rendered":"Mi\u00f0st\u00f6\u00f0in"},"content":{"rendered":"<div class=\"article \narticle-1226 \nmatch-height \ncenter-text-vertically \n \nno-background \ntext-columns-1 \nfull-width-text \nred \nfull-background \n\"\nid=\"article-1226\"\t \t \n\t >\n\n\n    <div class=\"background-image\">\n\t\t\t\t\t\t<img decoding=\"async\" src=\"https:\/\/i0.wp.com\/artofyoga.is\/wp-content\/uploads\/2017\/10\/M%C3%B3ttakan-1600x900.png?fit=1600%2C900&ssl=1\" alt=\"\" \/>\n\t\t    <\/div>\n    <div class=\"mask\">\n    <\/div>\n\n\t\n\t\n    <div class=\"text\">\n            <\/div>\n\t\t<\/div>\n\n\n        \n<div class=\"article \narticle-247 \n \n \n \nwhite-background \ntext-columns-1 \nmedium-width-text \ngranite \nfull-background \n\"\nid=\"article-247\"\t \t \n\t >\n\n\n    <div class=\"background-image\">\n\t\t    <\/div>\n    <div class=\"mask\">\n    <\/div>\n\n\t\n\t\n    <div class=\"text\">\n        <p>Art of Yoga er j\u00f3gami\u00f0st\u00f6\u00f0 stofnu\u00f0 af Gu\u00f0mundi P\u00e1lmarssyni og Talyu Freeman, j\u00f3gakennarar og i\u00f0kendur s\u00ed\u00f0an \u00e1ri\u00f0 2000, me\u00f0 a\u00f0setur \u00ed Skipholti 35.<\/p>\n<p>Mi\u00f0st\u00f6\u00f0in tileinkar s\u00e9r kennslu <a href=\"http:\/\/www.yogastudies.org\/cys-journal\/t-krishnamacharya\/\" target=\"_blank\" rel=\"noopener\">T. Krishnamacharya<\/a> og <a href=\"http:\/\/www.yogastudies.org\/cys-journal\/tkv-desikachar\/\" target=\"_blank\" rel=\"noopener\">TKV Desikachar<\/a> eins og kennslan var mi\u00f0lu\u00f0 til okkar kennara Paul Harvey. Markmi\u00f0 okkar er a\u00f0 deila kennslu Krishnamacharya \u00e1 \u00cdslandi me\u00f0 tilliti til s\u00e9rst\u00f6\u00f0u hvers nemanda.<\/p>\n<p>St\u00f6\u00f0in samanstendur af sal til i\u00f0kunar fyrir h\u00f3pa, og 4 me\u00f0fer\u00f0arherbergi \u00fear sem starfandi eru, \u00fer\u00edr nuddarar, heilari og h\u00f6fu\u00f0beina- og spjaldhryggsjafnari. St\u00f6\u00f0in hefur b\u00faningherbergi me\u00f0 sturtua\u00f0st\u00f6\u00f0u.<\/p>\n    <\/div>\n\t\t<\/div>\n\n\n        \n","protected":false},"excerpt":{"rendered":"Art of Yoga er j\u00f3gami\u00f0st\u00f6\u00f0 stofnu\u00f0 af Gu\u00f0mundi P\u00e1lmarssyni og Talyu Freeman, j\u00f3gakennarar og i\u00f0kendur s\u00ed\u00f0an \u00e1ri\u00f0 2000, me\u00f0 a\u00f0setur \u00ed Skipholti 35. Mi\u00f0st\u00f6\u00f0in tileinkar s\u00e9r kennslu T. Krishnamacharya og [...]","protected":false},"author":3,"featured_media":0,"parent":0,"menu_order":0,"comment_status":"closed","ping_status":"closed","template":"","meta":{"jetpack_post_was_ever_published":false,"footnotes":""},"class_list":["post-1233","page","type-page","status-publish","hentry"],"jetpack_sharing_enabled":true,"jetpack_shortlink":"https:\/\/wp.me\/P9SpKE-jT","jetpack-related-posts":[],"_links":{"self":[{"href":"https:\/\/artofyoga.is\/index.php?rest_route=\/wp\/v2\/pages\/1233","targetHints":{"allow":["GET"]}}],"collection":[{"href":"https:\/\/artofyoga.is\/index.php?rest_route=\/wp\/v2\/pages"}],"about":[{"href":"https:\/\/artofyoga.is\/index.php?rest_route=\/wp\/v2\/types\/page"}],"author":[{"embeddable":true,"href":"https:\/\/artofyoga.is\/index.php?rest_route=\/wp\/v2\/users\/3"}],"replies":[{"embeddable":true,"href":"https:\/\/artofyoga.is\/index.php?rest_route=%2Fwp%2Fv2%2Fcomments&post=1233"}],"version-history":[{"count":1,"href":"https:\/\/artofyoga.is\/index.php?rest_route=\/wp\/v2\/pages\/1233\/revisions"}],"predecessor-version":[{"id":1234,"href":"https:\/\/artofyoga.is\/index.php?rest_route=\/wp\/v2\/pages\/1233\/revisions\/1234"}],"wp:attachment":[{"href":"https:\/\/artofyoga.is\/index.php?rest_route=%2Fwp%2Fv2%2Fmedia&parent=1233"}],"curies":[{"name":"wp","href":"https:\/\/api.w.org\/{rel}","templated":true}]}}