{"id":1205,"date":"2018-10-09T16:10:49","date_gmt":"2018-10-09T15:10:49","guid":{"rendered":"https:\/\/artofyoga.is\/?page_id=1205"},"modified":"2018-10-09T16:11:28","modified_gmt":"2018-10-09T15:11:28","slug":"utleiga-a-sal","status":"publish","type":"page","link":"https:\/\/artofyoga.is\/?page_id=1205","title":{"rendered":"\u00datleiga \u00e1 sal"},"content":{"rendered":"<div class=\"article \narticle-1203 \nmatch-height \ncenter-text-vertically \n \nno-background \ntext-columns-1 \nfull-width-text \nred \nfull-background \n\"\nid=\"article-1203\"\t \t \n\t >\n\n\n    <div class=\"background-image\">\n\t\t\t\t\t\t<img decoding=\"async\" src=\"https:\/\/i0.wp.com\/artofyoga.is\/wp-content\/uploads\/2018\/10\/Salurinn_gluggar_1600x900.png?fit=1600%2C900&ssl=1\" alt=\"\" \/>\n\t\t    <\/div>\n    <div class=\"mask\">\n    <\/div>\n\n\t\n\t\n    <div class=\"text\">\n            <\/div>\n\t\t<\/div>\n\n\n        \n<div class=\"article \narticle-1201 \n \n \n \nno-background \ntext-columns-1 \nmedium-width-text \norange \nfull-background \n\"\nid=\"article-1201\"\t \t \n\t >\n\n\n    <div class=\"background-image\">\n\t\t    <\/div>\n    <div class=\"mask\">\n    <\/div>\n\n\t\n\t\n    <div class=\"text\">\n        <p style=\"text-align: center;\">Einstakt t\u00e6kif\u00e6ri fyrir j\u00f3gakennara e\u00f0a a\u00f0ra sem starfa a\u00f0 einhverskonar hreyfingu e\u00f0a andlegri \u00e1stundun, sem vilja byggja upp sinn eigin h\u00f3p og vera me\u00f0 \u00f6ruggt r\u00fdmi.<\/p>\n<p style=\"text-align: center;\">Vi\u00f0 bj\u00f3\u00f0um salinn okkar til leigu um helgar e\u00f0a fasta t\u00edma \u00e1 virkum d\u00f6gum, fyrir \u00fdmisskonar n\u00e1mskei\u00f0 og\/e\u00f0a vi\u00f0bur\u00f0i.<\/p>\n<p style=\"text-align: center;\">Smelli\u00f0 \u00e1 hlekkinn a\u00f0 ne\u00f0an og sent okkur fyrirspurn um ver\u00f0 og r\u00fdmi\u00f0 e\u00f0a hringi\u00f0 \u00ed Gumma \u00ed 6918565.<\/p>\n<p style=\"text-align: center;\"><a class=\"cta-button\" href=\"https:\/\/artofyoga.is\/contact\/\">Senda fyrirspurn<\/a><\/p>\n<p>&nbsp;<\/p>\n<p>&nbsp;<\/p>\n<p><img data-recalc-dims=\"1\" loading=\"lazy\" decoding=\"async\" class=\"alignright wp-image-1212\" src=\"https:\/\/i0.wp.com\/artofyoga.is\/wp-content\/uploads\/2018\/10\/IMG_4805.jpg?resize=310%2C174&#038;ssl=1\" alt=\"\" width=\"310\" height=\"174\" srcset=\"https:\/\/i0.wp.com\/artofyoga.is\/wp-content\/uploads\/2018\/10\/IMG_4805.jpg?resize=300%2C168&amp;ssl=1 300w, https:\/\/i0.wp.com\/artofyoga.is\/wp-content\/uploads\/2018\/10\/IMG_4805.jpg?resize=768%2C431&amp;ssl=1 768w, https:\/\/i0.wp.com\/artofyoga.is\/wp-content\/uploads\/2018\/10\/IMG_4805.jpg?resize=1024%2C575&amp;ssl=1 1024w, https:\/\/i0.wp.com\/artofyoga.is\/wp-content\/uploads\/2018\/10\/IMG_4805.jpg?resize=1200%2C674&amp;ssl=1 1200w, https:\/\/i0.wp.com\/artofyoga.is\/wp-content\/uploads\/2018\/10\/IMG_4805.jpg?w=2000&amp;ssl=1 2000w, https:\/\/i0.wp.com\/artofyoga.is\/wp-content\/uploads\/2018\/10\/IMG_4805.jpg?w=3000&amp;ssl=1 3000w\" sizes=\"auto, (max-width: 310px) 100vw, 310px\" \/> <img data-recalc-dims=\"1\" loading=\"lazy\" decoding=\"async\" class=\" wp-image-1214 alignleft\" src=\"https:\/\/i0.wp.com\/artofyoga.is\/wp-content\/uploads\/2018\/10\/IMG_4807.jpg?resize=310%2C174&#038;ssl=1\" alt=\"\" width=\"310\" height=\"174\" srcset=\"https:\/\/i0.wp.com\/artofyoga.is\/wp-content\/uploads\/2018\/10\/IMG_4807.jpg?resize=300%2C168&amp;ssl=1 300w, https:\/\/i0.wp.com\/artofyoga.is\/wp-content\/uploads\/2018\/10\/IMG_4807.jpg?resize=768%2C431&amp;ssl=1 768w, https:\/\/i0.wp.com\/artofyoga.is\/wp-content\/uploads\/2018\/10\/IMG_4807.jpg?resize=1024%2C575&amp;ssl=1 1024w, https:\/\/i0.wp.com\/artofyoga.is\/wp-content\/uploads\/2018\/10\/IMG_4807.jpg?resize=1200%2C674&amp;ssl=1 1200w, https:\/\/i0.wp.com\/artofyoga.is\/wp-content\/uploads\/2018\/10\/IMG_4807.jpg?w=2000&amp;ssl=1 2000w, https:\/\/i0.wp.com\/artofyoga.is\/wp-content\/uploads\/2018\/10\/IMG_4807.jpg?w=3000&amp;ssl=1 3000w\" sizes=\"auto, (max-width: 310px) 100vw, 310px\" \/><\/p>\n<p>&nbsp;<\/p>\n<p>&nbsp;<\/p>\n<p>&nbsp;<\/p>\n<p>&nbsp;<\/p>\n<p>&nbsp;<\/p>\n<p><img data-recalc-dims=\"1\" loading=\"lazy\" decoding=\"async\" class=\"alignright wp-image-1216\" src=\"https:\/\/i0.wp.com\/artofyoga.is\/wp-content\/uploads\/2018\/10\/Salurinn-310-x-174.png?resize=310%2C174&#038;ssl=1\" alt=\"\" width=\"310\" height=\"174\" srcset=\"https:\/\/i0.wp.com\/artofyoga.is\/wp-content\/uploads\/2018\/10\/Salurinn-310-x-174.png?resize=300%2C168&amp;ssl=1 300w, https:\/\/i0.wp.com\/artofyoga.is\/wp-content\/uploads\/2018\/10\/Salurinn-310-x-174.png?w=310&amp;ssl=1 310w\" sizes=\"auto, (max-width: 310px) 100vw, 310px\" \/><img data-recalc-dims=\"1\" loading=\"lazy\" decoding=\"async\" class=\" wp-image-1210 alignleft\" src=\"https:\/\/i0.wp.com\/artofyoga.is\/wp-content\/uploads\/2018\/10\/IMG_4803.jpg?resize=311%2C174&#038;ssl=1\" alt=\"\" width=\"311\" height=\"174\" srcset=\"https:\/\/i0.wp.com\/artofyoga.is\/wp-content\/uploads\/2018\/10\/IMG_4803.jpg?resize=300%2C168&amp;ssl=1 300w, https:\/\/i0.wp.com\/artofyoga.is\/wp-content\/uploads\/2018\/10\/IMG_4803.jpg?resize=768%2C431&amp;ssl=1 768w, https:\/\/i0.wp.com\/artofyoga.is\/wp-content\/uploads\/2018\/10\/IMG_4803.jpg?resize=1024%2C575&amp;ssl=1 1024w, https:\/\/i0.wp.com\/artofyoga.is\/wp-content\/uploads\/2018\/10\/IMG_4803.jpg?resize=1200%2C674&amp;ssl=1 1200w, https:\/\/i0.wp.com\/artofyoga.is\/wp-content\/uploads\/2018\/10\/IMG_4803.jpg?w=2000&amp;ssl=1 2000w, https:\/\/i0.wp.com\/artofyoga.is\/wp-content\/uploads\/2018\/10\/IMG_4803.jpg?w=3000&amp;ssl=1 3000w\" sizes=\"auto, (max-width: 311px) 100vw, 311px\" \/><\/p>\n    <\/div>\n\t\t<\/div>\n\n\n        \n<p>&nbsp;<\/p>\n","protected":false},"excerpt":{"rendered":"<p>&nbsp;<\/p>\n","protected":false},"author":3,"featured_media":0,"parent":0,"menu_order":0,"comment_status":"closed","ping_status":"closed","template":"","meta":{"jetpack_post_was_ever_published":false,"footnotes":""},"class_list":["post-1205","page","type-page","status-publish","hentry"],"jetpack_sharing_enabled":true,"jetpack_shortlink":"https:\/\/wp.me\/P9SpKE-jr","jetpack-related-posts":[],"_links":{"self":[{"href":"https:\/\/artofyoga.is\/index.php?rest_route=\/wp\/v2\/pages\/1205","targetHints":{"allow":["GET"]}}],"collection":[{"href":"https:\/\/artofyoga.is\/index.php?rest_route=\/wp\/v2\/pages"}],"about":[{"href":"https:\/\/artofyoga.is\/index.php?rest_route=\/wp\/v2\/types\/page"}],"author":[{"embeddable":true,"href":"https:\/\/artofyoga.is\/index.php?rest_route=\/wp\/v2\/users\/3"}],"replies":[{"embeddable":true,"href":"https:\/\/artofyoga.is\/index.php?rest_route=%2Fwp%2Fv2%2Fcomments&post=1205"}],"version-history":[{"count":2,"href":"https:\/\/artofyoga.is\/index.php?rest_route=\/wp\/v2\/pages\/1205\/revisions"}],"predecessor-version":[{"id":1207,"href":"https:\/\/artofyoga.is\/index.php?rest_route=\/wp\/v2\/pages\/1205\/revisions\/1207"}],"wp:attachment":[{"href":"https:\/\/artofyoga.is\/index.php?rest_route=%2Fwp%2Fv2%2Fmedia&parent=1205"}],"curies":[{"name":"wp","href":"https:\/\/api.w.org\/{rel}","templated":true}]}}